{"id":7586,"date":"2020-09-08T01:26:17","date_gmt":"2020-09-07T23:26:17","guid":{"rendered":"https:\/\/www.qualicard.eu\/?page_id=7586"},"modified":"2023-06-14T12:40:03","modified_gmt":"2023-06-14T10:40:03","slug":"cookies-policy","status":"publish","type":"page","link":"https:\/\/qualicard.eu\/en\/cookies-policy\/","title":{"rendered":"Cookies policy"},"content":{"rendered":"<div class=\"wpb-content-wrapper\"><p>[vc_row][vc_column][vc_empty_space height=&#8221;3em&#8221; alter_height=&#8221;none&#8221; hide_on_mobile=&#8221;&#8221; hide_on_desktop=&#8221;&#8221; hide_on_notebook=&#8221;&#8221; hide_on_tablet=&#8221;&#8221;][\/vc_column][\/vc_row][vc_row][vc_column][vc_column_text]<\/p>\n<h1 style=\"text-align: left;\"><span style=\"vertical-align: inherit;\"><span style=\"vertical-align: inherit;\"><span style=\"vertical-align: inherit;\"><span style=\"vertical-align: inherit;\">Cookies Policy<\/span><\/span><\/span><\/span><\/h1>\n<div class=\"span100\" style=\"text-align: justify;\">\n<div class=\"tituloNoticia\">\n<h5><span style=\"vertical-align: inherit;\"><span style=\"vertical-align: inherit;\"><span style=\"vertical-align: inherit;\"><span style=\"vertical-align: inherit;\">QUALICA-RD<\/span><\/span><\/span><\/span><\/h5>\n<\/div>\n<div class=\"introduccion\">\n<p><span style=\"vertical-align: inherit;\"><span style=\"vertical-align: inherit;\">QUALICA-RD uses its own and third-party cookies to personalize the browsing experience, contents and ads and obtain statistics about the use of the website. Our Cookie Policy is subject to periodic updates.\u00a0<\/span><\/span><\/p>\n<p><span style=\"vertical-align: inherit;\"><span style=\"vertical-align: inherit;\">We also share information about your use of our site with our social media, advertising and analytical partners who may combine it with other information that you have provided to them or that they have collected from your use of their services. You can withdraw your consent to the use of cookies or modify your cookies preferences at any time.\u00a0<\/span><\/span><\/p>\n<p>&nbsp;<\/p>\n<\/div>\n<\/div>\n<p>[\/vc_column_text][\/vc_column][\/vc_row][vc_row hide_bg_image_on_tablet=&#8221;&#8221; hide_bg_image_on_mobile=&#8221;&#8221; css=&#8221;.vc_custom_1527690606563{background-color: #f7f8f9 !important;}&#8221;][vc_column icons_position=&#8221;left&#8221;][vc_empty_space height=&#8221;2em&#8221; alter_height=&#8221;none&#8221; hide_on_mobile=&#8221;&#8221; hide_on_desktop=&#8221;&#8221; hide_on_notebook=&#8221;&#8221; hide_on_tablet=&#8221;&#8221;]<div id=\"sc_content_476052019\"\n\t\tclass=\"sc_content sc_content_default p70  vc_custom_1634720635368\"><div class=\"sc_content_container\">[vc_column_text]<\/p>\n<p style=\"text-align: justify;\"><span style=\"vertical-align: inherit;\"><span style=\"vertical-align: inherit;\">This Cookie Policy should be read together with our Privacy Policy and our Terms of Use of the website,\u00a0 <\/span><\/span><a href=\"https:\/\/qualicard.eu\/en\/\"><span style=\"vertical-align: inherit;\"><span style=\"vertical-align: inherit;\">www.qualicard.eu<\/span><\/span><\/a><span style=\"vertical-align: inherit;\"><span style=\"vertical-align: inherit;\"> \u00a0(the &#8221;Site&#8221;). By accesing and browsing the Site, or using its products and\/or services, you agree to be bound by the terms and conditions set out in the legal terms and conditions and privacy policy.\u00a0\u00a0<\/span><\/span><\/p>\n<p style=\"text-align: justify;\"><span style=\"vertical-align: inherit;\"><span style=\"vertical-align: inherit;\">In order to optimise the browsing experience, QUALICA-RD S.L., as owner of the Site with registered address at Pol\u00edgono Industrial Tecnoc\u00f3rdoba, Balc\u00f3n de Lagartijo, Q1 MZ ME-2, Nave 12C, (C\u00f3rdoba) 14014, hereby informs you that it uses cookies and other data storage and retrieval devices of similar functionality (hereinafter &#8221;Cookies\u201d). The purpose of this Cookie Policy is to help you understand our use of cookies, the types of cookies that are used on the Site as well as the options available to the user to manage them.\u00a0 \u00a0<\/span><\/span><\/p>\n<p>[\/vc_column_text]<\/div><\/div><!-- \/.sc_content -->[vc_empty_space height=&#8221;2em&#8221; alter_height=&#8221;none&#8221; hide_on_mobile=&#8221;&#8221; hide_on_desktop=&#8221;&#8221; hide_on_notebook=&#8221;&#8221; hide_on_tablet=&#8221;&#8221;][\/vc_column][\/vc_row][vc_row][vc_column icons_position=&#8221;left&#8221;][vc_empty_space height=&#8221;1em&#8221; alter_height=&#8221;none&#8221; hide_on_mobile=&#8221;&#8221; hide_on_desktop=&#8221;&#8221; hide_on_notebook=&#8221;&#8221; hide_on_tablet=&#8221;&#8221;][\/vc_column][\/vc_row][vc_row hide_bg_image_on_tablet=&#8221;&#8221; hide_bg_image_on_mobile=&#8221;&#8221; css=&#8221;.vc_custom_1527690606563{background-color: #f7f8f9 !important;}&#8221;][vc_column icons_position=&#8221;left&#8221;][vc_empty_space height=&#8221;2em&#8221; alter_height=&#8221;none&#8221; hide_on_mobile=&#8221;&#8221; hide_on_desktop=&#8221;&#8221; hide_on_notebook=&#8221;&#8221; hide_on_tablet=&#8221;&#8221;]<div id=\"sc_content_2114351754\"\n\t\tclass=\"sc_content sc_content_default p70  vc_custom_1634720794896\"><div class=\"sc_content_container\">[vc_column_text]<\/p>\n<h5 style=\"text-align: justify;\"><span style=\"vertical-align: inherit;\"><span style=\"vertical-align: inherit;\"><span style=\"vertical-align: inherit;\"><span style=\"vertical-align: inherit;\"><span style=\"vertical-align: inherit;\"><span style=\"vertical-align: inherit;\">What are cookies and what are they used for?<\/span><\/span><\/span><\/span><\/span><\/span><\/h5>\n<p style=\"text-align: justify;\">As most of the websites, www.qualicard.eu uses cookies to enhance your browsing experience and provide a more personalized service.<\/p>\n<p style=\"font-style: inherit; font-weight: inherit; text-align: justify;\">Cookies are small text files that are placed on your computer or mobile device by websites that you visit. The data we collect using cookies help us understand our customers better so that we can provide a more focused user experience.<\/p>\n<p style=\"text-align: justify;\">As set forth in <strong>article 30 on Personal Data Protection, <\/strong><em>\u201cNatural persons may be associated with online identifiers provided by their devices, applications, tools and protocols, such as internet protocol addresses, cookie identifiers or other identifiers such as radio frequency identification tags. This may leave traces which, in particular when combined with unique identifiers <\/em><em>and other information received by the servers, may be used to create profiles of the natural persons and identify them&#8221;.<\/em><\/p>\n<p style=\"text-align: justify;\">For this reason, when using cookies involves processing personal data, the relevant data controllers must ensure that any additional requirements established by the regulations on personal data protection are complied with, particularly with regard to special data categories.<\/p>\n<p style=\"font-style: inherit; font-weight: inherit; text-align: justify;\">It must be stated that cookies used for any of the goals described below are exempt from the obligations established (a) Exclusively allowing communication between users\u2019 computers and the network. (b) Exclusively providing a service expressly requested by an user.<\/p>\n<p>[\/vc_column_text]<\/div><\/div><!-- \/.sc_content -->[vc_empty_space height=&#8221;2em&#8221; alter_height=&#8221;none&#8221; hide_on_mobile=&#8221;&#8221; hide_on_desktop=&#8221;&#8221; hide_on_notebook=&#8221;&#8221; hide_on_tablet=&#8221;&#8221;][\/vc_column][\/vc_row][vc_row][vc_column icons_position=&#8221;left&#8221;][vc_empty_space height=&#8221;1em&#8221; alter_height=&#8221;none&#8221; hide_on_mobile=&#8221;&#8221; hide_on_desktop=&#8221;&#8221; hide_on_notebook=&#8221;&#8221; hide_on_tablet=&#8221;&#8221;][\/vc_column][\/vc_row][vc_row hide_bg_image_on_tablet=&#8221;&#8221; hide_bg_image_on_mobile=&#8221;&#8221; css=&#8221;.vc_custom_1527690606563{background-color: #f7f8f9 !important;}&#8221;][vc_column icons_position=&#8221;left&#8221;][vc_empty_space height=&#8221;2em&#8221; alter_height=&#8221;none&#8221; hide_on_mobile=&#8221;&#8221; hide_on_desktop=&#8221;&#8221; hide_on_notebook=&#8221;&#8221; hide_on_tablet=&#8221;&#8221;]<div id=\"sc_content_1243776638\"\n\t\tclass=\"sc_content sc_content_default p70  vc_custom_1634720806824\"><div class=\"sc_content_container\">[vc_column_text]<\/p>\n<h5 style=\"text-align: justify;\"><span style=\"vertical-align: inherit;\">Types of cookies\u00a0\u00a0<\/span><\/h5>\n<h6 style=\"text-align: justify;\"><strong>Types of cookies depending on the organisation managing them:<\/strong><\/h6>\n<ul style=\"text-align: justify;\">\n<li><strong>Own Cookies:<\/strong><br \/>\nFirst party cookies are cookies set by the website you are visiting. Data collected are used for statistical purposes.<\/li>\n<li><strong>Third-party Cookies:<br \/>\n<\/strong>Third-party cookies are sent to the user\u2019s terminal from a computer or domain not managed by the owner of the website from which the service requested by the user is provided.<\/li>\n<\/ul>\n<h6 style=\"text-align: justify;\"><strong>Types of cookies depending on the length of time they remain active:<\/strong><\/h6>\n<ul style=\"text-align: justify;\">\n<li><strong>Session Cookies:<\/strong><br \/>\nThese cookies are designed to collect and store data when the user accesses the Site. They are generally used to store information that only needs to be kept for the provision of the service requested by the<br \/>\nuser on a single occasion and disappear when the user logs off or ends the session.<\/li>\n<li><strong>Persistent Cookies:<\/strong><br \/>\nPersistent Cookies continue to store data in the terminal and they may be accessed and processed for a period defined by the person\/entity responsible for the cookie, which may range from a few minutes to several years.<\/li>\n<\/ul>\n<h6 style=\"text-align: justify;\"><strong>Types of cookies depending on their purpose:<\/strong><\/h6>\n<ul>\n<li style=\"text-align: justify;\"><strong>Technical Cookies:<\/strong><br \/>\nTechnical Cookies allow the user to browse a website, platform or application and to use the different options or service thereon.<\/li>\n<li style=\"text-align: justify;\"><strong>Preference or Customisation Cookies:\u00a0<\/strong><br \/>\nPreference or Customisation Cookies are used to remember information allow a website to remember choices you have made in the past, like what language you prefer, what region you would like weather reports for, or what your user name and password are so you can automatically log in.<\/li>\n<li style=\"text-align: justify;\"><strong>Statistics Cookies<\/strong><br \/>\nStatistics Cookies collect information about how you use a website. None of this information can be used to identify you.<\/li>\n<li style=\"text-align: justify;\"><strong>Marketing Cookies<\/strong><br \/>\nMarketing Cookies track your online activity to helpn advertisers deliver more relevant advertising or to limit how many times you see and ad. These cookies can share that information with other organizations or advertisers.<\/li>\n<\/ul>\n<p>[\/vc_column_text]<\/div><\/div><!-- \/.sc_content -->[vc_empty_space height=&#8221;2em&#8221; alter_height=&#8221;none&#8221; hide_on_mobile=&#8221;&#8221; hide_on_desktop=&#8221;&#8221; hide_on_notebook=&#8221;&#8221; hide_on_tablet=&#8221;&#8221;][\/vc_column][\/vc_row][vc_row][vc_column icons_position=&#8221;left&#8221;][vc_empty_space height=&#8221;1em&#8221; alter_height=&#8221;none&#8221; hide_on_mobile=&#8221;&#8221; hide_on_desktop=&#8221;&#8221; hide_on_notebook=&#8221;&#8221; hide_on_tablet=&#8221;&#8221;][\/vc_column][\/vc_row][vc_row hide_bg_image_on_tablet=&#8221;&#8221; hide_bg_image_on_mobile=&#8221;&#8221; css=&#8221;.vc_custom_1527690606563{background-color: #f7f8f9 !important;}&#8221;][vc_column icons_position=&#8221;left&#8221;][vc_empty_space height=&#8221;2em&#8221; alter_height=&#8221;none&#8221; hide_on_mobile=&#8221;&#8221; hide_on_desktop=&#8221;&#8221; hide_on_notebook=&#8221;&#8221; hide_on_tablet=&#8221;&#8221;]<div id=\"sc_content_1512215779\"\n\t\tclass=\"sc_content sc_content_default p70  vc_custom_1634720823839\"><div class=\"sc_content_container\">[vc_column_text]<\/p>\n<h5 style=\"text-align: justify;\"><span style=\"vertical-align: inherit;\"><span style=\"vertical-align: inherit;\"><span style=\"vertical-align: inherit;\"><span style=\"vertical-align: inherit;\"><span style=\"vertical-align: inherit;\"><span style=\"vertical-align: inherit;\"><span style=\"vertical-align: inherit;\"><span style=\"vertical-align: inherit;\"><span style=\"vertical-align: inherit;\"><span style=\"vertical-align: inherit;\"><span style=\"vertical-align: inherit;\"><span style=\"vertical-align: inherit;\"><span style=\"vertical-align: inherit;\"><span style=\"vertical-align: inherit;\"><span style=\"vertical-align: inherit;\"><span style=\"vertical-align: inherit;\">Cookies used on our website<\/span><\/span><\/span><\/span><\/span><\/span><\/span><\/span><\/span><\/span><\/span><\/span><\/span><\/span><\/span><\/span><\/h5>\n<p style=\"text-align: justify;\"><span style=\"vertical-align: inherit;\"><strong>QUALICA-RD S.L. <\/strong>uses cookies to personalise the user&#8217;s browsing experience on the Site\u00a0 <a href=\"https:\/\/qualicard.eu\/en\/\">www.qualicard.eu<\/a><br \/>\n<\/span><span style=\"vertical-align: inherit;\"><span style=\"vertical-align: inherit;\"><span style=\"vertical-align: inherit;\"><br \/>\n<\/span><\/span><\/span><\/p>\n<table class=\" aligncenter\">\n<tbody>\n<tr>\n<td><strong>NAME<\/strong><\/td>\n<td><strong>TYPE<\/strong><\/td>\n<td><strong>PURPOSE<\/strong><\/td>\n<td><strong>DURATION<\/strong><\/td>\n<\/tr>\n<tr>\n<td><strong>_utma<\/strong><\/td>\n<td>User<\/td>\n<td>Collects data on the number of times a user has visited the website and the dates of their first and most recent visits. Intrusiveness Level: Two<\/td>\n<td>One year<\/td>\n<\/tr>\n<tr>\n<td><strong>_utmb<\/strong><\/td>\n<td>Session<\/td>\n<td>Registers a timestamp with the exact time the user visits the website. Used by Google analytics to calculate the length of website visits.<\/td>\n<td>30 minutes<\/td>\n<\/tr>\n<tr>\n<td><strong>_utmc<\/strong><\/td>\n<td>Status or session (open or closed)<\/td>\n<td>Registers a timestamp with the exact time the user leaves the website. Used by Google analytics to calculate the length of website visits.<\/td>\n<td>Session<\/td>\n<\/tr>\n<tr>\n<td><strong>_utmz<\/strong><\/td>\n<td>De origen de usuario<\/td>\n<td>Gathers data about where users come from, the search engines used, the links clicked and the search terms used. Used by Google Analytics. Intrusiveness Level: Two.<\/td>\n<td>6 months.<\/td>\n<\/tr>\n<tr>\n<td><strong>PHP_SESSID<\/strong><\/td>\n<td style=\"text-align: left;\">Session (Own)<\/td>\n<td>The status of the active visitor&#8217;s session. If there is no cookie, it means that the visitor&#8217;s session was more than 30 minutes ago and the visit count increases in a pk_id cookie.<\/p>\n<p>.<\/td>\n<td>Session<\/td>\n<\/tr>\n<\/tbody>\n<\/table>\n<p>[\/vc_column_text]<\/div><\/div><!-- \/.sc_content -->[vc_empty_space height=&#8221;2em&#8221; alter_height=&#8221;none&#8221; hide_on_mobile=&#8221;&#8221; hide_on_desktop=&#8221;&#8221; hide_on_notebook=&#8221;&#8221; hide_on_tablet=&#8221;&#8221;][\/vc_column][\/vc_row][vc_row][vc_column icons_position=&#8221;left&#8221;][vc_empty_space height=&#8221;1em&#8221; alter_height=&#8221;none&#8221; hide_on_mobile=&#8221;&#8221; hide_on_desktop=&#8221;&#8221; hide_on_notebook=&#8221;&#8221; hide_on_tablet=&#8221;&#8221;][\/vc_column][\/vc_row][vc_row hide_bg_image_on_tablet=&#8221;&#8221; hide_bg_image_on_mobile=&#8221;&#8221; css=&#8221;.vc_custom_1527690606563{background-color: #f7f8f9 !important;}&#8221;][vc_column icons_position=&#8221;left&#8221;][vc_empty_space height=&#8221;2em&#8221; alter_height=&#8221;none&#8221; hide_on_mobile=&#8221;&#8221; hide_on_desktop=&#8221;&#8221; hide_on_notebook=&#8221;&#8221; hide_on_tablet=&#8221;&#8221;]<div id=\"sc_content_1866266852\"\n\t\tclass=\"sc_content sc_content_default p70  vc_custom_1634720794896\"><div class=\"sc_content_container\">[vc_column_text]<\/p>\n<h5 style=\"text-align: justify;\"><span style=\"vertical-align: inherit;\"><span style=\"vertical-align: inherit;\"><span style=\"vertical-align: inherit;\"><span style=\"vertical-align: inherit;\"><span style=\"vertical-align: inherit;\"><span style=\"vertical-align: inherit;\"><span style=\"vertical-align: inherit;\"><span style=\"vertical-align: inherit;\">How to enable or disable cookies in your Browser<\/span><\/span><\/span><\/span><\/span><\/span><\/span><\/span><\/h5>\n<p style=\"text-align: justify;\">To block or disable the cookies, go to your Browser Settings. You may want to disable some or all cookies at any time.<\/p>\n<p style=\"text-align: justify;\"><strong>Below are the links to the cookie configuration instructions for the main Browsers.<\/strong><\/p>\n<p style=\"text-align: justify;\">Google Analytics: <a href=\"https:\/\/tools.google.com\/dlpage\/gaoptout?hl=es\" target=\"_blank\" rel=\"noopener\">https:\/\/tools.google.com\/dlpage\/gaoptout?hl=es<\/a><\/p>\n<p style=\"text-align: justify;\">By disabling cookies, the website may not function properly.<\/p>\n<ul>\n<li style=\"text-align: justify;\"><strong>Google Chrome<\/strong><br \/>\n<a href=\"https:\/\/support.google.com\/chrome\/answer\/95647?hl=es\" target=\"_blank\" rel=\"noopener\">https:\/\/support.google.com\/chrome\/answer\/95647?hl=es<\/a><\/li>\n<li style=\"text-align: justify;\"><strong>Mozilla Firefox<\/strong><br \/>\n<a href=\"https:\/\/support.mozilla.org\/es\/kb\/cookies-informacion-que-los-sitios-web-guardan-en-?redirectlocale=en-HYPERLINK\" target=\"_blank\" rel=\"noopener\">https:\/\/support.mozilla.org\/es\/kb\/cookies-informacion-que-los-sitios-web-guardan-en-?redirectlocale=en-<\/a><\/li>\n<li style=\"text-align: justify;\"><strong>Apple Safari<\/strong><br \/>\n<a href=\"https:\/\/support.apple.com\/es-es\/HT201265\" target=\"_blank\" rel=\"noopener\">https:\/\/support.apple.com\/es-es\/HT201265<\/a><\/li>\n<li style=\"text-align: justify;\"><strong>Microsoft Explorer<\/strong><br \/>\n<a href=\"https:\/\/support.microsoft.com\/es-es\/help\/17442\/windows-internet-explorer-delete-manage-cookies\" target=\"_blank\" rel=\"noopener\">https:\/\/support.microsoft.com\/es-es\/help\/17442\/windows-internet-explorer-delete-manage-cookies<\/a><\/li>\n<\/ul>\n<p>[\/vc_column_text]<\/div><\/div><!-- \/.sc_content -->[vc_empty_space height=&#8221;2em&#8221; alter_height=&#8221;none&#8221; hide_on_mobile=&#8221;&#8221; hide_on_desktop=&#8221;&#8221; hide_on_notebook=&#8221;&#8221; hide_on_tablet=&#8221;&#8221;][\/vc_column][\/vc_row][vc_row][vc_column icons_position=&#8221;left&#8221;][vc_empty_space height=&#8221;1em&#8221; alter_height=&#8221;none&#8221; hide_on_mobile=&#8221;&#8221; hide_on_desktop=&#8221;&#8221; hide_on_notebook=&#8221;&#8221; hide_on_tablet=&#8221;&#8221;][\/vc_column][\/vc_row][vc_row hide_bg_image_on_tablet=&#8221;&#8221; hide_bg_image_on_mobile=&#8221;&#8221; css=&#8221;.vc_custom_1527690606563{background-color: #f7f8f9 !important;}&#8221;][vc_column icons_position=&#8221;left&#8221;][vc_empty_space height=&#8221;2em&#8221; alter_height=&#8221;none&#8221; hide_on_mobile=&#8221;&#8221; hide_on_desktop=&#8221;&#8221; hide_on_notebook=&#8221;&#8221; hide_on_tablet=&#8221;&#8221;]<div id=\"sc_content_1103986607\"\n\t\tclass=\"sc_content sc_content_default p70  vc_custom_1634720794896\"><div class=\"sc_content_container\">[vc_column_text]<\/p>\n<h5 style=\"text-align: justify;\"><span style=\"vertical-align: inherit;\"><span style=\"vertical-align: inherit;\"><span style=\"vertical-align: inherit;\"><span style=\"vertical-align: inherit;\"><span style=\"vertical-align: inherit;\"><span style=\"vertical-align: inherit;\"><span style=\"vertical-align: inherit;\"><span style=\"vertical-align: inherit;\"><span style=\"vertical-align: inherit;\"><span style=\"vertical-align: inherit;\">What happens if you disable your cookie functionality?<\/span><\/span><\/span><\/span><\/span><\/span><\/span><\/span><\/span><\/span><\/h5>\n<p style=\"text-align: justify;\">If you choose to disable cookies, some of the services available on the Site may not work properly.<\/p>\n<p style=\"text-align: justify;\">The owner of the Site does not assume any responsibility for legal or technical problems caused by the failure of the user to comply with the recommendations included and is not responsible for the content and veracity of the privacy policies of third parties.<\/p>\n<p>[\/vc_column_text]<\/div><\/div><!-- \/.sc_content -->[vc_empty_space height=&#8221;2em&#8221; alter_height=&#8221;none&#8221; hide_on_mobile=&#8221;&#8221; hide_on_desktop=&#8221;&#8221; hide_on_notebook=&#8221;&#8221; hide_on_tablet=&#8221;&#8221;][\/vc_column][\/vc_row][vc_row][vc_column icons_position=&#8221;left&#8221;][vc_empty_space height=&#8221;1em&#8221; alter_height=&#8221;none&#8221; hide_on_mobile=&#8221;&#8221; hide_on_desktop=&#8221;&#8221; hide_on_notebook=&#8221;&#8221; hide_on_tablet=&#8221;&#8221;][\/vc_column][\/vc_row][vc_row hide_bg_image_on_tablet=&#8221;&#8221; hide_bg_image_on_mobile=&#8221;&#8221; css=&#8221;.vc_custom_1527690606563{background-color: #f7f8f9 !important;}&#8221;][vc_column icons_position=&#8221;left&#8221;][vc_empty_space height=&#8221;2em&#8221; alter_height=&#8221;none&#8221; hide_on_mobile=&#8221;&#8221; hide_on_desktop=&#8221;&#8221; hide_on_notebook=&#8221;&#8221; hide_on_tablet=&#8221;&#8221;]<div id=\"sc_content_630522647\"\n\t\tclass=\"sc_content sc_content_default p70  vc_custom_1634720794896\"><div class=\"sc_content_container\">[vc_column_text]<\/p>\n<h5 style=\"text-align: justify;\"><span style=\"vertical-align: inherit;\"><span style=\"vertical-align: inherit;\"><span style=\"vertical-align: inherit;\"><span style=\"vertical-align: inherit;\"><span style=\"vertical-align: inherit;\"><span style=\"vertical-align: inherit;\"><span style=\"vertical-align: inherit;\"><span style=\"vertical-align: inherit;\"><span style=\"vertical-align: inherit;\"><span style=\"vertical-align: inherit;\"><span style=\"vertical-align: inherit;\"><span style=\"vertical-align: inherit;\">Updates and changes to our Cookie Policy<\/span><\/span><\/span><\/span><\/span><\/span><\/span><\/span><\/span><\/span><\/span><\/span><\/h5>\n<p style=\"text-align: justify;\"><span style=\"vertical-align: inherit;\"><span style=\"vertical-align: inherit;\">The current Cookie Policy on use in the Site is the 2.0. version. Available since 1st october 2020.<\/span><\/span><\/p>\n<p>[\/vc_column_text]<\/div><\/div><!-- \/.sc_content -->[vc_empty_space height=&#8221;2em&#8221; alter_height=&#8221;none&#8221; hide_on_mobile=&#8221;&#8221; hide_on_desktop=&#8221;&#8221; hide_on_notebook=&#8221;&#8221; hide_on_tablet=&#8221;&#8221;][\/vc_column][\/vc_row][vc_row][vc_column icons_position=&#8221;left&#8221;][vc_empty_space height=&#8221;1em&#8221; alter_height=&#8221;none&#8221; hide_on_mobile=&#8221;&#8221; hide_on_desktop=&#8221;&#8221; hide_on_notebook=&#8221;&#8221; hide_on_tablet=&#8221;&#8221;][\/vc_column][\/vc_row][vc_row hide_bg_image_on_tablet=&#8221;&#8221; hide_bg_image_on_mobile=&#8221;&#8221; css=&#8221;.vc_custom_1527690606563{background-color: #f7f8f9 !important;}&#8221;][vc_column icons_position=&#8221;left&#8221;][vc_empty_space height=&#8221;2em&#8221; alter_height=&#8221;none&#8221; hide_on_mobile=&#8221;&#8221; hide_on_desktop=&#8221;&#8221; hide_on_notebook=&#8221;&#8221; hide_on_tablet=&#8221;&#8221;]<div id=\"sc_content_1590877747\"\n\t\tclass=\"sc_content sc_content_default p70  vc_custom_1634720794896\"><div class=\"sc_content_container\">[vc_column_text]<\/p>\n<h5 style=\"text-align: justify;\"><span style=\"vertical-align: inherit;\"><span style=\"vertical-align: inherit;\"><span style=\"vertical-align: inherit;\"><span style=\"vertical-align: inherit;\"><span style=\"vertical-align: inherit;\"><span style=\"vertical-align: inherit;\"><span style=\"vertical-align: inherit;\"><span style=\"vertical-align: inherit;\"><span style=\"vertical-align: inherit;\"><span style=\"vertical-align: inherit;\"><span style=\"vertical-align: inherit;\"><span style=\"vertical-align: inherit;\"><span style=\"vertical-align: inherit;\"><span style=\"vertical-align: inherit;\">Exercise your Rights\u00a0<\/span><\/span><\/span><\/span><\/span><\/span><\/span><\/span><\/span><\/span><\/span><\/span><\/span><\/span><\/h5>\n<p>You can exercise your rights by accessing the <a href=\"https:\/\/qualicard.eu\/en\/privacy-policy\/\">Privacy Policy <\/a>in the Site.<\/p>\n<p>For any doubt or request, please contact us <a href=\"https:\/\/qualicard.eu\/en\/contact\/\">here<\/a>.[\/vc_column_text]<\/div><\/div><!-- \/.sc_content -->[vc_empty_space height=&#8221;2em&#8221; alter_height=&#8221;none&#8221; hide_on_mobile=&#8221;&#8221; hide_on_desktop=&#8221;&#8221; hide_on_notebook=&#8221;&#8221; hide_on_tablet=&#8221;&#8221;][\/vc_column][\/vc_row][vc_row][vc_column][vc_empty_space height=&#8221;3em&#8221; alter_height=&#8221;none&#8221; hide_on_mobile=&#8221;&#8221; hide_on_desktop=&#8221;&#8221; hide_on_notebook=&#8221;&#8221; hide_on_tablet=&#8221;&#8221;][\/vc_column][\/vc_row][vc_column icons_position=&#8221;left&#8221;][\/vc_column][vc_column][\/vc_column]<\/p>\n<\/div>","protected":false},"excerpt":{"rendered":"<p>[vc_row][vc_column][vc_empty_space height=&#8221;3em&#8221; alter_height=&#8221;none&#8221; hide_on_mobile=&#8221;&#8221; hide_on_desktop=&#8221;&#8221; hide_on_notebook=&#8221;&#8221; hide_on_tablet=&#8221;&#8221;][\/vc_column][\/vc_row][vc_row][vc_column][vc_column_text] Cookies Policy QUALICA-RD QUALICA-RD uses its own and third-party cookies to personalize the browsing experience, contents and ads and obtain statistics about the&hellip;<\/p>\n","protected":false},"author":990002,"featured_media":0,"parent":0,"menu_order":0,"comment_status":"closed","ping_status":"closed","template":"","meta":{"_acf_changed":false,"footnotes":""},"class_list":["post-7586","page","type-page","status-publish","hentry"],"acf":[],"_links":{"self":[{"href":"https:\/\/qualicard.eu\/en\/wp-json\/wp\/v2\/pages\/7586","targetHints":{"allow":["GET"]}}],"collection":[{"href":"https:\/\/qualicard.eu\/en\/wp-json\/wp\/v2\/pages"}],"about":[{"href":"https:\/\/qualicard.eu\/en\/wp-json\/wp\/v2\/types\/page"}],"author":[{"embeddable":true,"href":"https:\/\/qualicard.eu\/en\/wp-json\/wp\/v2\/users\/990002"}],"replies":[{"embeddable":true,"href":"https:\/\/qualicard.eu\/en\/wp-json\/wp\/v2\/comments?post=7586"}],"version-history":[{"count":1,"href":"https:\/\/qualicard.eu\/en\/wp-json\/wp\/v2\/pages\/7586\/revisions"}],"predecessor-version":[{"id":17819,"href":"https:\/\/qualicard.eu\/en\/wp-json\/wp\/v2\/pages\/7586\/revisions\/17819"}],"wp:attachment":[{"href":"https:\/\/qualicard.eu\/en\/wp-json\/wp\/v2\/media?parent=7586"}],"curies":[{"name":"wp","href":"https:\/\/api.w.org\/{rel}","templated":true}]}}